{"id":1151,"date":"2022-07-04T11:39:28","date_gmt":"2022-07-04T11:39:28","guid":{"rendered":"https:\/\/canadianparent.ca\/contact\/"},"modified":"2025-03-24T09:56:45","modified_gmt":"2025-03-24T09:56:45","slug":"contact","status":"publish","type":"page","link":"https:\/\/www.parentperksclub.com\/fr\/contact\/","title":{"rendered":"Contact"},"content":{"rendered":"\t\t<div data-elementor-type=\"wp-page\" data-elementor-id=\"1151\" class=\"elementor elementor-1151 elementor-7\" data-elementor-post-type=\"page\">\n\t\t\t\t\t\t<div class=\"elementor-section elementor-top-section elementor-element elementor-element-b627bcf elementor-section-boxed elementor-section-height-default elementor-section-height-default\" data-id=\"b627bcf\" data-element_type=\"section\" data-e-type=\"section\" data-settings=\"{&quot;background_background&quot;:&quot;classic&quot;}\">\n\t\t\t\t\t\t\t<div class=\"elementor-background-overlay\"><\/div>\n\t\t\t\t\t\t\t<div class=\"elementor-container elementor-column-gap-default\">\n\t\t\t\t\t<div class=\"elementor-column elementor-col-100 elementor-top-column elementor-element elementor-element-13a6f67\" data-id=\"13a6f67\" data-element_type=\"column\" data-e-type=\"column\">\n\t\t\t<div class=\"elementor-widget-wrap elementor-element-populated\">\n\t\t\t\t\t\t<div class=\"elementor-element elementor-element-15bc956 elementor-invisible elementor-widget elementor-widget-heading\" data-id=\"15bc956\" data-element_type=\"widget\" data-e-type=\"widget\" data-settings=\"{&quot;_animation&quot;:&quot;fadeInUp&quot;}\" data-widget_type=\"heading.default\">\n\t\t\t\t<div class=\"elementor-widget-container\">\n\t\t\t\t\t<h5 class=\"elementor-heading-title elementor-size-default\">Nous contacter<\/h5>\t\t\t\t<\/div>\n\t\t\t\t<\/div>\n\t\t\t\t<div class=\"elementor-element elementor-element-7cfa8db elementor-widget__width-initial elementor-widget-tablet__width-initial  ui-split-animate ui-splitby-chars elementor-widget elementor-widget-heading\" data-id=\"7cfa8db\" data-element_type=\"widget\" data-e-type=\"widget\" data-settings=\"{&quot;ui_animate_split&quot;:&quot;ui-split-animate&quot;,&quot;ui_animate_split_by&quot;:&quot;chars&quot;,&quot;ui_animate_split_style&quot;:&quot;fadeInUp&quot;}\" data-widget_type=\"heading.default\">\n\t\t\t\t<div class=\"elementor-widget-container\">\n\t\t\t\t\t<h1 class=\"elementor-heading-title elementor-size-default\">Entrons en communication !<\/h1>\t\t\t\t<\/div>\n\t\t\t\t<\/div>\n\t\t\t\t\t<\/div>\n\t\t<\/div>\n\t\t\t\t\t<\/div>\n\t\t<\/div>\n\t\t\t\t<div class=\"elementor-section elementor-top-section elementor-element elementor-element-66f2dd7 elementor-section-full_width elementor-section-height-default elementor-section-height-default\" data-id=\"66f2dd7\" data-element_type=\"section\" data-e-type=\"section\">\n\t\t\t\t\t\t<div class=\"elementor-container elementor-column-gap-default\">\n\t\t\t\t\t<div class=\"elementor-column elementor-col-100 elementor-top-column elementor-element elementor-element-9c28b2b\" data-id=\"9c28b2b\" data-element_type=\"column\" data-e-type=\"column\">\n\t\t\t<div class=\"elementor-widget-wrap elementor-element-populated\">\n\t\t\t\t\t\t<div class=\"elementor-section elementor-inner-section elementor-element elementor-element-f90cd40 elementor-reverse-mobile elementor-section-boxed elementor-section-height-default elementor-section-height-default\" data-id=\"f90cd40\" data-element_type=\"section\" data-e-type=\"section\" data-settings=\"{&quot;background_background&quot;:&quot;gradient&quot;}\">\n\t\t\t\t\t\t<div class=\"elementor-container elementor-column-gap-default\">\n\t\t\t\t\t<div class=\"elementor-column elementor-col-50 elementor-inner-column elementor-element elementor-element-3d89deb\" data-id=\"3d89deb\" data-element_type=\"column\" data-e-type=\"column\" data-settings=\"{&quot;background_background&quot;:&quot;classic&quot;}\">\n\t\t\t<div class=\"elementor-widget-wrap elementor-element-populated\">\n\t\t\t\t\t\t<div class=\"elementor-element elementor-element-275561c  ui-split-animate ui-splitby-lines elementor-widget elementor-widget-text-editor\" data-id=\"275561c\" data-element_type=\"widget\" data-e-type=\"widget\" data-settings=\"{&quot;ui_animate_split&quot;:&quot;ui-split-animate&quot;,&quot;ui_animate_split_by&quot;:&quot;lines&quot;,&quot;ui_animate_split_style&quot;:&quot;fadeInUp&quot;}\" data-widget_type=\"text-editor.default\">\n\t\t\t\t<div class=\"elementor-widget-container\">\n\t\t\t\t\t\t\t\t\t<p>Nous serions ravis d&rsquo;avoir de vos nouvelles. Que vous ayez des questions, des suggestions ou que vous souhaitiez simplement nous saluer, n&rsquo;h\u00e9sitez pas \u00e0 nous contacter. Vos commentaires sont importants pour nous dans notre qu\u00eate de cr\u00e9er une communaut\u00e9 qui soutient et c\u00e9l\u00e8bre la parentalit\u00e9 canadienne.  <\/p>\t\t\t\t\t\t\t\t<\/div>\n\t\t\t\t<\/div>\n\t\t\t\t\t<\/div>\n\t\t<\/div>\n\t\t\t\t<div class=\"elementor-column elementor-col-50 elementor-inner-column elementor-element elementor-element-e9f559e\" data-id=\"e9f559e\" data-element_type=\"column\" data-e-type=\"column\">\n\t\t\t<div class=\"elementor-widget-wrap\">\n\t\t\t\t\t\t\t<\/div>\n\t\t<\/div>\n\t\t\t\t\t<\/div>\n\t\t<\/div>\n\t\t\t\t\t<\/div>\n\t\t<\/div>\n\t\t\t\t\t<\/div>\n\t\t<\/div>\n\t\t\t\t<section class=\"elementor-section elementor-top-section elementor-element elementor-element-1f36e25 elementor-reverse-mobile elementor-section-boxed elementor-section-height-default elementor-section-height-default\" data-id=\"1f36e25\" data-element_type=\"section\" data-e-type=\"section\">\n\t\t\t\t\t\t<div class=\"elementor-container elementor-column-gap-default\">\n\t\t\t\t\t<div class=\"elementor-column elementor-col-100 elementor-top-column elementor-element elementor-element-4e1bcdc\" data-id=\"4e1bcdc\" data-element_type=\"column\" data-e-type=\"column\">\n\t\t\t<div class=\"elementor-widget-wrap elementor-element-populated\">\n\t\t\t\t\t\t<div class=\"elementor-element elementor-element-3f3848e elementor-button-align-center elementor-widget elementor-widget-bdt-contact-form\" data-id=\"3f3848e\" data-element_type=\"widget\" data-e-type=\"widget\" data-widget_type=\"bdt-contact-form.default\">\n\t\t\t\t<div class=\"elementor-widget-container\">\n\t\t\t\t\t\t\t<div class=\"bdt-contact-form bdt-contact-form-skin-default\">\n\t\t\t<div class=\"elementor-form-fields-wrapper\">\n\t\t\t\t\t\t<div class=\"bdt-contact-form-wrapper\">\n\t\t\t<form class=\"bdt-contact-form-form bdt-form-stacked bdt-grid bdt-grid-small without-recaptcha\" data-bdt-grid=\"\" action=\"https:\/\/www.parentperksclub.com\/wp-admin\/admin-ajax.php\" method=\"post\">\n\n\t\t\t\t\n\t\t\t\t\t<div class=\"bdt-field-group elementor-field-required bdt-width-1-1\">\n\t\t\t\t\t\t<label for=\"user_name3f3848e\" class=\"bdt-form-label\">Nom<\/label><div class=\"bdt-form-controls\"><input type=\"text\" name=\"name\" id=\"user_name3f3848e\" placeholder=\"Votre nom\" class=\"bdt-input bdt-form-default\" required =\"required\"><\/div>\t\t\t\t\t<\/div>\n\n\t\t\t\t\t<div class=\"bdt-field-group elementor-field-required bdt-width-1-1\">\n\t\t\t\t\t\t<label for=\"email3f3848e\" class=\"bdt-form-label\">Courriel<\/label><div class=\"bdt-form-controls\"><input type=\"email\" name=\"email\" id=\"email3f3848e\" placeholder=\"Votre courriel\" class=\"bdt-input bdt-form-default\" required=\"required\"><\/div>\t\t\t\t\t<\/div>\n\n\t\t\t\t\t\t\t\t\t\t\t<div class=\"bdt-field-group bdt-width-1-1 elementor-field-required\">\n\t\t\t\t\t\t\t<label for=\"contact3f3848e\" class=\"bdt-form-label\">Num\u00e9ro de t\u00e9l\u00e9phone<\/label><div class=\"bdt-form-controls\"><input type=\"tel\" name=\"contact\" id=\"contact3f3848e\" placeholder=\"Votre num\u00e9ro de t\u00e9l\u00e9phone\" class=\"bdt-input bdt-form-default\"><\/div>\t\t\t\t\t\t<\/div>\n\t\t\t\t\t\n\t\t\t\t\t\n\t\t\t\t\t\n\t\t\t\t\t\t\t\t\t\t\t<div class=\"bdt-field-group bdt-width-1-1 elementor-field-required\">\n\t\t\t\t\t\t\t<label for=\"message3f3848e\" class=\"bdt-form-label\">Message<\/label><div class=\"bdt-form-controls\"><textarea name=\"message\" id=\"message3f3848e\" rows=\"5\" placeholder=\"Votre message\" class=\"bdt-textarea bdt-form-default\" required=\"required\"><\/textarea><\/div>\t\t\t\t\t\t<\/div>\n\t\t\t\t\t\n\t\t\t\t\t\n\n\t\t\t\t\t\n\t\t\t\t\t\n\t\t\t\t\t<input type=\"hidden\" class=\"widget_id\" name=\"widget_id\" value=\"3f3848e\" \/>\n\t\t\t\t\t<input type=\"hidden\" name=\"bdt-sf-3f3848e\" value=\"true\" \/>\n\t\t\t\t\t<input type=\"hidden\" class=\"page_id\" name=\"page_id\" value=\"1151\" \/>\n\n\t\t\t\t\t<div class=\"elementor-field-type-submit bdt-field-group bdt-flex bdt-width-1-1\">\n\t\t\t\t\t\t<button type=\"submit\" class=\"elementor-button bdt-button bdt-button-primary\" name=\"submit\">\n\t\t\t\t\t\t\t\t\t\t\t\t\t\t\t<span>Envoyer le message<\/span>\n\t\t\t\t\t\t\t\t\t\t\t\t\t<\/button>\n\t\t\t\t\t<\/div>\n\n\t\t\t\t\t<input name=\"_wpnonce\" value=\"b5a34f9c40\" type=\"hidden\">\n\n\t\t\t\t\t<input type=\"hidden\" name=\"action\" value=\"element_pack_contact_form\" \/>\n\n\t\t\t\t\t\n\t\t\t<\/form>\n\t\t<\/div>\n\t\t\t<\/div>\n\t\t<\/div>\n\t\t\t\t\t<\/div>\n\t\t\t\t<\/div>\n\t\t\t\t\t<\/div>\n\t\t<\/div>\n\t\t\t\t\t<\/div>\n\t\t<\/section>\n\t\t\t\t<\/div>\n\t\t","protected":false},"excerpt":{"rendered":"<p>Nous contacter Entrons en communication ! Nous serions ravis d&rsquo;avoir de vos nouvelles. Que vous ayez des questions, des suggestions ou que [&hellip;]<\/p>\n","protected":false},"author":1,"featured_media":736,"parent":0,"menu_order":0,"comment_status":"closed","ping_status":"closed","template":"","meta":{"footnotes":""},"class_list":["post-1151","page","type-page","status-publish","has-post-thumbnail","hentry"],"yoast_head":"<!-- This site is optimized with the Yoast SEO Premium plugin v26.5 (Yoast SEO v27.4) - https:\/\/yoast.com\/product\/yoast-seo-premium-wordpress\/ -->\n<title>Contact - Canadian Parent<\/title>\n<meta name=\"robots\" content=\"index, follow, max-snippet:-1, max-image-preview:large, max-video-preview:-1\" \/>\n<link rel=\"canonical\" href=\"https:\/\/www.parentperksclub.com\/fr\/contact\/\" \/>\n<meta property=\"og:locale\" content=\"fr_FR\" \/>\n<meta property=\"og:type\" content=\"article\" \/>\n<meta property=\"og:title\" content=\"Contact\" \/>\n<meta property=\"og:description\" content=\"Nous contacter Entrons en communication ! Nous serions ravis d&rsquo;avoir de vos nouvelles. Que vous ayez des questions, des suggestions ou que [&hellip;]\" \/>\n<meta property=\"og:url\" content=\"https:\/\/www.parentperksclub.com\/fr\/contact\/\" \/>\n<meta property=\"og:site_name\" content=\"Canadian Parent\" \/>\n<meta property=\"article:publisher\" content=\"https:\/\/www.facebook.com\/canadianparent\" \/>\n<meta property=\"article:modified_time\" content=\"2025-03-24T09:56:45+00:00\" \/>\n<meta property=\"og:image\" content=\"https:\/\/parentperksclub.com\/wp-content\/uploads\/2023\/11\/Photo-Americas-Parent-background-image-scaled.webp\" \/>\n\t<meta property=\"og:image:width\" content=\"2560\" \/>\n\t<meta property=\"og:image:height\" content=\"1538\" \/>\n\t<meta property=\"og:image:type\" content=\"image\/webp\" \/>\n<meta name=\"twitter:card\" content=\"summary_large_image\" \/>\n<script type=\"application\/ld+json\" class=\"yoast-schema-graph\">{\"@context\":\"https:\\\/\\\/schema.org\",\"@graph\":[{\"@type\":\"WebPage\",\"@id\":\"https:\\\/\\\/www.parentperksclub.com\\\/fr\\\/contact\\\/\",\"url\":\"https:\\\/\\\/www.parentperksclub.com\\\/fr\\\/contact\\\/\",\"name\":\"Contact - Canadian Parent\",\"isPartOf\":{\"@id\":\"https:\\\/\\\/parentperksclub.com\\\/#website\"},\"primaryImageOfPage\":{\"@id\":\"https:\\\/\\\/www.parentperksclub.com\\\/fr\\\/contact\\\/#primaryimage\"},\"image\":{\"@id\":\"https:\\\/\\\/www.parentperksclub.com\\\/fr\\\/contact\\\/#primaryimage\"},\"thumbnailUrl\":\"https:\\\/\\\/www.parentperksclub.com\\\/wp-content\\\/uploads\\\/2023\\\/11\\\/Photo-Americas-Parent-background-image-scaled.webp\",\"datePublished\":\"2022-07-04T11:39:28+00:00\",\"dateModified\":\"2025-03-24T09:56:45+00:00\",\"breadcrumb\":{\"@id\":\"https:\\\/\\\/www.parentperksclub.com\\\/fr\\\/contact\\\/#breadcrumb\"},\"inLanguage\":\"fr-FR\",\"potentialAction\":[{\"@type\":\"ReadAction\",\"target\":[\"https:\\\/\\\/www.parentperksclub.com\\\/fr\\\/contact\\\/\"]}]},{\"@type\":\"ImageObject\",\"inLanguage\":\"fr-FR\",\"@id\":\"https:\\\/\\\/www.parentperksclub.com\\\/fr\\\/contact\\\/#primaryimage\",\"url\":\"https:\\\/\\\/www.parentperksclub.com\\\/wp-content\\\/uploads\\\/2023\\\/11\\\/Photo-Americas-Parent-background-image-scaled.webp\",\"contentUrl\":\"https:\\\/\\\/www.parentperksclub.com\\\/wp-content\\\/uploads\\\/2023\\\/11\\\/Photo-Americas-Parent-background-image-scaled.webp\",\"width\":2560,\"height\":1538},{\"@type\":\"BreadcrumbList\",\"@id\":\"https:\\\/\\\/www.parentperksclub.com\\\/fr\\\/contact\\\/#breadcrumb\",\"itemListElement\":[{\"@type\":\"ListItem\",\"position\":1,\"name\":\"Home\",\"item\":\"https:\\\/\\\/parentperksclub.com\\\/fr\\\/\"},{\"@type\":\"ListItem\",\"position\":2,\"name\":\"Contact\"}]},{\"@type\":\"WebSite\",\"@id\":\"https:\\\/\\\/parentperksclub.com\\\/#website\",\"url\":\"https:\\\/\\\/parentperksclub.com\\\/\",\"name\":\"Canadian Parent\",\"description\":\"\",\"publisher\":{\"@id\":\"https:\\\/\\\/parentperksclub.com\\\/#organization\"},\"potentialAction\":[{\"@type\":\"SearchAction\",\"target\":{\"@type\":\"EntryPoint\",\"urlTemplate\":\"https:\\\/\\\/parentperksclub.com\\\/?s={search_term_string}\"},\"query-input\":{\"@type\":\"PropertyValueSpecification\",\"valueRequired\":true,\"valueName\":\"search_term_string\"}}],\"inLanguage\":\"fr-FR\"},{\"@type\":\"Organization\",\"@id\":\"https:\\\/\\\/parentperksclub.com\\\/#organization\",\"name\":\"Parent canadien\",\"url\":\"https:\\\/\\\/parentperksclub.com\\\/\",\"logo\":{\"@type\":\"ImageObject\",\"inLanguage\":\"fr-FR\",\"@id\":\"https:\\\/\\\/parentperksclub.com\\\/#\\\/schema\\\/logo\\\/image\\\/\",\"url\":\"https:\\\/\\\/www.parentperksclub.com\\\/wp-content\\\/uploads\\\/2023\\\/11\\\/America_s-Parent-Logos-_370-x-130-px_.webp\",\"contentUrl\":\"https:\\\/\\\/www.parentperksclub.com\\\/wp-content\\\/uploads\\\/2023\\\/11\\\/America_s-Parent-Logos-_370-x-130-px_.webp\",\"width\":370,\"height\":130,\"caption\":\"Parent canadien\"},\"image\":{\"@id\":\"https:\\\/\\\/parentperksclub.com\\\/#\\\/schema\\\/logo\\\/image\\\/\"},\"sameAs\":[\"https:\\\/\\\/www.facebook.com\\\/canadianparent\"]}]}<\/script>\n<!-- \/ Yoast SEO Premium plugin. -->","yoast_head_json":{"title":"Contact - Canadian Parent","robots":{"index":"index","follow":"follow","max-snippet":"max-snippet:-1","max-image-preview":"max-image-preview:large","max-video-preview":"max-video-preview:-1"},"canonical":"https:\/\/www.parentperksclub.com\/fr\/contact\/","og_locale":"fr_FR","og_type":"article","og_title":"Contact","og_description":"Nous contacter Entrons en communication ! Nous serions ravis d&rsquo;avoir de vos nouvelles. Que vous ayez des questions, des suggestions ou que [&hellip;]","og_url":"https:\/\/www.parentperksclub.com\/fr\/contact\/","og_site_name":"Canadian Parent","article_publisher":"https:\/\/www.facebook.com\/canadianparent","article_modified_time":"2025-03-24T09:56:45+00:00","og_image":[{"width":2560,"height":1538,"url":"https:\/\/parentperksclub.com\/wp-content\/uploads\/2023\/11\/Photo-Americas-Parent-background-image-scaled.webp","type":"image\/webp"}],"twitter_card":"summary_large_image","schema":{"@context":"https:\/\/schema.org","@graph":[{"@type":"WebPage","@id":"https:\/\/www.parentperksclub.com\/fr\/contact\/","url":"https:\/\/www.parentperksclub.com\/fr\/contact\/","name":"Contact - Canadian Parent","isPartOf":{"@id":"https:\/\/parentperksclub.com\/#website"},"primaryImageOfPage":{"@id":"https:\/\/www.parentperksclub.com\/fr\/contact\/#primaryimage"},"image":{"@id":"https:\/\/www.parentperksclub.com\/fr\/contact\/#primaryimage"},"thumbnailUrl":"https:\/\/www.parentperksclub.com\/wp-content\/uploads\/2023\/11\/Photo-Americas-Parent-background-image-scaled.webp","datePublished":"2022-07-04T11:39:28+00:00","dateModified":"2025-03-24T09:56:45+00:00","breadcrumb":{"@id":"https:\/\/www.parentperksclub.com\/fr\/contact\/#breadcrumb"},"inLanguage":"fr-FR","potentialAction":[{"@type":"ReadAction","target":["https:\/\/www.parentperksclub.com\/fr\/contact\/"]}]},{"@type":"ImageObject","inLanguage":"fr-FR","@id":"https:\/\/www.parentperksclub.com\/fr\/contact\/#primaryimage","url":"https:\/\/www.parentperksclub.com\/wp-content\/uploads\/2023\/11\/Photo-Americas-Parent-background-image-scaled.webp","contentUrl":"https:\/\/www.parentperksclub.com\/wp-content\/uploads\/2023\/11\/Photo-Americas-Parent-background-image-scaled.webp","width":2560,"height":1538},{"@type":"BreadcrumbList","@id":"https:\/\/www.parentperksclub.com\/fr\/contact\/#breadcrumb","itemListElement":[{"@type":"ListItem","position":1,"name":"Home","item":"https:\/\/parentperksclub.com\/fr\/"},{"@type":"ListItem","position":2,"name":"Contact"}]},{"@type":"WebSite","@id":"https:\/\/parentperksclub.com\/#website","url":"https:\/\/parentperksclub.com\/","name":"Canadian Parent","description":"","publisher":{"@id":"https:\/\/parentperksclub.com\/#organization"},"potentialAction":[{"@type":"SearchAction","target":{"@type":"EntryPoint","urlTemplate":"https:\/\/parentperksclub.com\/?s={search_term_string}"},"query-input":{"@type":"PropertyValueSpecification","valueRequired":true,"valueName":"search_term_string"}}],"inLanguage":"fr-FR"},{"@type":"Organization","@id":"https:\/\/parentperksclub.com\/#organization","name":"Parent canadien","url":"https:\/\/parentperksclub.com\/","logo":{"@type":"ImageObject","inLanguage":"fr-FR","@id":"https:\/\/parentperksclub.com\/#\/schema\/logo\/image\/","url":"https:\/\/www.parentperksclub.com\/wp-content\/uploads\/2023\/11\/America_s-Parent-Logos-_370-x-130-px_.webp","contentUrl":"https:\/\/www.parentperksclub.com\/wp-content\/uploads\/2023\/11\/America_s-Parent-Logos-_370-x-130-px_.webp","width":370,"height":130,"caption":"Parent canadien"},"image":{"@id":"https:\/\/parentperksclub.com\/#\/schema\/logo\/image\/"},"sameAs":["https:\/\/www.facebook.com\/canadianparent"]}]}},"_links":{"self":[{"href":"https:\/\/www.parentperksclub.com\/fr\/wp-json\/wp\/v2\/pages\/1151","targetHints":{"allow":["GET"]}}],"collection":[{"href":"https:\/\/www.parentperksclub.com\/fr\/wp-json\/wp\/v2\/pages"}],"about":[{"href":"https:\/\/www.parentperksclub.com\/fr\/wp-json\/wp\/v2\/types\/page"}],"author":[{"embeddable":true,"href":"https:\/\/www.parentperksclub.com\/fr\/wp-json\/wp\/v2\/users\/1"}],"replies":[{"embeddable":true,"href":"https:\/\/www.parentperksclub.com\/fr\/wp-json\/wp\/v2\/comments?post=1151"}],"version-history":[{"count":1,"href":"https:\/\/www.parentperksclub.com\/fr\/wp-json\/wp\/v2\/pages\/1151\/revisions"}],"predecessor-version":[{"id":1152,"href":"https:\/\/www.parentperksclub.com\/fr\/wp-json\/wp\/v2\/pages\/1151\/revisions\/1152"}],"wp:featuredmedia":[{"embeddable":true,"href":"https:\/\/www.parentperksclub.com\/fr\/wp-json\/wp\/v2\/media\/736"}],"wp:attachment":[{"href":"https:\/\/www.parentperksclub.com\/fr\/wp-json\/wp\/v2\/media?parent=1151"}],"curies":[{"name":"wp","href":"https:\/\/api.w.org\/{rel}","templated":true}]}}